{"id":12474,"date":"2023-01-17T17:55:53","date_gmt":"2023-01-17T17:55:53","guid":{"rendered":"https:\/\/dragonkidsschool.com\/product\/francais\/"},"modified":"2023-01-17T17:55:53","modified_gmt":"2023-01-17T17:55:53","slug":"francais","status":"publish","type":"product","link":"https:\/\/dragonkidsschool.com\/en\/product\/francais\/","title":{"rendered":"Francais"},"content":{"rendered":"<p><u>Fran\u00e7ais<\/u><\/p>\n<p>Un enfant qui peut communiquer dans plusieurs langues poss\u00e8de un grand avantage pour s\u2019\u00e9panouir et \u00e9voluer dans le monde actuel. Ce programme de cours pour enfants de tous les \u00e2ges permet aux jeunes d&#8217;apprendre l\u2019espagnol ou encore d&#8217;approfondir ses connaissances de la langue espagnole.<\/p>\n<p>A0 Level<\/p>\n<table width=\"426\">\n<tbody>\n<tr>\n<td width=\"110\"><strong>Le\u00e7on 1<\/strong><\/td>\n<td>Alphabet et prononciation &#8211; Salutations et adieux<\/td>\n<\/tr>\n<tr>\n<td width=\"110\"><strong>Le\u00e7on 2<\/strong><\/td>\n<td>Noms (substantifs) &#8211; Informations personnelles<\/td>\n<\/tr>\n<tr>\n<td width=\"110\"><strong>Le\u00e7on 3<\/strong><\/td>\n<td>Articles &#8211; La famille<\/td>\n<\/tr>\n<tr>\n<td width=\"110\"><strong>Le\u00e7on 4<\/strong><\/td>\n<td>Adjectifs &#8211; La nourriture<\/td>\n<\/tr>\n<tr>\n<td width=\"110\"><strong>Le\u00e7on 5<\/strong><\/td>\n<td>Verbes r\u00e9guliers au pr\u00e9sent &#8211; Le restaurant<\/td>\n<\/tr>\n<tr>\n<td width=\"110\"><strong>Le\u00e7on 6<\/strong><\/td>\n<td>Pronoms interrogatifs &#8211; L&#8217;h\u00f4tel<\/td>\n<\/tr>\n<tr>\n<td width=\"110\"><strong>Le\u00e7on 7<\/strong><\/td>\n<td>Verbes irr\u00e9guliers au pr\u00e9sent &#8211; La ville<\/td>\n<\/tr>\n<tr>\n<td width=\"110\"><strong>Le\u00e7on 8<\/strong><\/td>\n<td>Verbes modaux &#8211; La direction<\/td>\n<\/tr>\n<tr>\n<td width=\"110\"><strong>Le\u00e7on 9<\/strong><\/td>\n<td>Nombres, jours et mois &#8211; Le temps<\/td>\n<\/tr>\n<tr>\n<td width=\"110\"><strong>Le\u00e7on 10<\/strong><\/td>\n<td>Verbe gustar (aimer) &#8211; Les magasins<\/td>\n<\/tr>\n<\/tbody>\n<\/table>\n","protected":false},"excerpt":{"rendered":"<p>Fran\u00e7ais Un enfant qui peut communiquer dans plusieurs langues poss\u00e8de un grand avantage pour s\u2019\u00e9panouir et \u00e9voluer dans le monde actuel. Ce programme de cours pour enfants de tous les \u00e2ges permet aux jeunes d&#8217;apprendre l\u2019espagnol ou encore d&#8217;approfondir ses connaissances de la langue espagnole. A0 Level Le\u00e7on 1 Alphabet et prononciation &#8211; Salutations et&hellip;<\/p>\n","protected":false},"featured_media":11559,"comment_status":"open","ping_status":"closed","template":"","meta":{"_themeisle_gutenberg_block_has_review":false},"product_brand":[],"product_cat":[143],"product_tag":[],"class_list":{"0":"post-12474","1":"product","2":"type-product","3":"status-publish","4":"has-post-thumbnail","6":"product_cat-langues-en","8":"first","9":"outofstock","10":"taxable","11":"product-type-variable"},"yoast_head":"<!-- This site is optimized with the Yoast SEO plugin v27.3 - https:\/\/yoast.com\/product\/yoast-seo-wordpress\/ -->\n<title>Francais - Dragon Kids School<\/title>\n<meta name=\"robots\" content=\"index, follow, max-snippet:-1, max-image-preview:large, max-video-preview:-1\" \/>\n<link rel=\"canonical\" href=\"https:\/\/dragonkidsschool.com\/en\/product\/francais\/\" \/>\n<meta property=\"og:locale\" content=\"en_US\" \/>\n<meta property=\"og:type\" content=\"article\" \/>\n<meta property=\"og:title\" content=\"Francais - Dragon Kids School\" \/>\n<meta property=\"og:description\" content=\"Fran\u00e7ais Un enfant qui peut communiquer dans plusieurs langues poss\u00e8de un grand avantage pour s\u2019\u00e9panouir et \u00e9voluer dans le monde actuel. Ce programme de cours pour enfants de tous les \u00e2ges permet aux jeunes d&#8217;apprendre l\u2019espagnol ou encore d&#8217;approfondir ses connaissances de la langue espagnole. A0 Level Le\u00e7on 1 Alphabet et prononciation &#8211; Salutations et&hellip;\" \/>\n<meta property=\"og:url\" content=\"https:\/\/dragonkidsschool.com\/en\/product\/francais\/\" \/>\n<meta property=\"og:site_name\" content=\"Dragon Kids School\" \/>\n<meta property=\"og:image\" content=\"https:\/\/dragonkidsschool.com\/wp-content\/uploads\/2021\/11\/images-1.jpg\" \/>\n\t<meta property=\"og:image:width\" content=\"275\" \/>\n\t<meta property=\"og:image:height\" content=\"183\" \/>\n\t<meta property=\"og:image:type\" content=\"image\/jpeg\" \/>\n<meta name=\"twitter:card\" content=\"summary_large_image\" \/>\n<meta name=\"twitter:label1\" content=\"Est. reading time\" \/>\n\t<meta name=\"twitter:data1\" content=\"1 minute\" \/>\n<script type=\"application\/ld+json\" class=\"yoast-schema-graph\">{\"@context\":\"https:\\\/\\\/schema.org\",\"@graph\":[{\"@type\":\"WebPage\",\"@id\":\"https:\\\/\\\/dragonkidsschool.com\\\/en\\\/product\\\/francais\\\/\",\"url\":\"https:\\\/\\\/dragonkidsschool.com\\\/en\\\/product\\\/francais\\\/\",\"name\":\"Francais - Dragon Kids School\",\"isPartOf\":{\"@id\":\"https:\\\/\\\/dragonkidsschool.com\\\/en\\\/#website\"},\"primaryImageOfPage\":{\"@id\":\"https:\\\/\\\/dragonkidsschool.com\\\/en\\\/product\\\/francais\\\/#primaryimage\"},\"image\":{\"@id\":\"https:\\\/\\\/dragonkidsschool.com\\\/en\\\/product\\\/francais\\\/#primaryimage\"},\"thumbnailUrl\":\"https:\\\/\\\/dragonkidsschool.com\\\/wp-content\\\/uploads\\\/2021\\\/11\\\/images-1.jpg\",\"datePublished\":\"2023-01-17T17:55:53+00:00\",\"breadcrumb\":{\"@id\":\"https:\\\/\\\/dragonkidsschool.com\\\/en\\\/product\\\/francais\\\/#breadcrumb\"},\"inLanguage\":\"en-US\",\"potentialAction\":[{\"@type\":\"ReadAction\",\"target\":[\"https:\\\/\\\/dragonkidsschool.com\\\/en\\\/product\\\/francais\\\/\"]}]},{\"@type\":\"ImageObject\",\"inLanguage\":\"en-US\",\"@id\":\"https:\\\/\\\/dragonkidsschool.com\\\/en\\\/product\\\/francais\\\/#primaryimage\",\"url\":\"https:\\\/\\\/dragonkidsschool.com\\\/wp-content\\\/uploads\\\/2021\\\/11\\\/images-1.jpg\",\"contentUrl\":\"https:\\\/\\\/dragonkidsschool.com\\\/wp-content\\\/uploads\\\/2021\\\/11\\\/images-1.jpg\",\"width\":275,\"height\":183},{\"@type\":\"BreadcrumbList\",\"@id\":\"https:\\\/\\\/dragonkidsschool.com\\\/en\\\/product\\\/francais\\\/#breadcrumb\",\"itemListElement\":[{\"@type\":\"ListItem\",\"position\":1,\"name\":\"Home\",\"item\":\"https:\\\/\\\/dragonkidsschool.com\\\/en\\\/\"},{\"@type\":\"ListItem\",\"position\":2,\"name\":\"Our activities\",\"item\":\"https:\\\/\\\/dragonkidsschool.com\\\/en\\\/shop\\\/\"},{\"@type\":\"ListItem\",\"position\":3,\"name\":\"Francais\"}]},{\"@type\":\"WebSite\",\"@id\":\"https:\\\/\\\/dragonkidsschool.com\\\/en\\\/#website\",\"url\":\"https:\\\/\\\/dragonkidsschool.com\\\/en\\\/\",\"name\":\"Dragon Kids School\",\"description\":\"\u00c9ducatif Ludique International\",\"publisher\":{\"@id\":\"https:\\\/\\\/dragonkidsschool.com\\\/en\\\/#organization\"},\"potentialAction\":[{\"@type\":\"SearchAction\",\"target\":{\"@type\":\"EntryPoint\",\"urlTemplate\":\"https:\\\/\\\/dragonkidsschool.com\\\/en\\\/?s={search_term_string}\"},\"query-input\":{\"@type\":\"PropertyValueSpecification\",\"valueRequired\":true,\"valueName\":\"search_term_string\"}}],\"inLanguage\":\"en-US\"},{\"@type\":\"Organization\",\"@id\":\"https:\\\/\\\/dragonkidsschool.com\\\/en\\\/#organization\",\"name\":\"Dragon Kids School\",\"url\":\"https:\\\/\\\/dragonkidsschool.com\\\/en\\\/\",\"logo\":{\"@type\":\"ImageObject\",\"inLanguage\":\"en-US\",\"@id\":\"https:\\\/\\\/dragonkidsschool.com\\\/en\\\/#\\\/schema\\\/logo\\\/image\\\/\",\"url\":\"https:\\\/\\\/dragonkidsschool.com\\\/wp-content\\\/uploads\\\/2021\\\/11\\\/cropped-Untitled-1.png\",\"contentUrl\":\"https:\\\/\\\/dragonkidsschool.com\\\/wp-content\\\/uploads\\\/2021\\\/11\\\/cropped-Untitled-1.png\",\"width\":204,\"height\":43,\"caption\":\"Dragon Kids School\"},\"image\":{\"@id\":\"https:\\\/\\\/dragonkidsschool.com\\\/en\\\/#\\\/schema\\\/logo\\\/image\\\/\"}}]}<\/script>\n<!-- \/ Yoast SEO plugin. -->","yoast_head_json":{"title":"Francais - Dragon Kids School","robots":{"index":"index","follow":"follow","max-snippet":"max-snippet:-1","max-image-preview":"max-image-preview:large","max-video-preview":"max-video-preview:-1"},"canonical":"https:\/\/dragonkidsschool.com\/en\/product\/francais\/","og_locale":"en_US","og_type":"article","og_title":"Francais - Dragon Kids School","og_description":"Fran\u00e7ais Un enfant qui peut communiquer dans plusieurs langues poss\u00e8de un grand avantage pour s\u2019\u00e9panouir et \u00e9voluer dans le monde actuel. Ce programme de cours pour enfants de tous les \u00e2ges permet aux jeunes d&#8217;apprendre l\u2019espagnol ou encore d&#8217;approfondir ses connaissances de la langue espagnole. A0 Level Le\u00e7on 1 Alphabet et prononciation &#8211; Salutations et&hellip;","og_url":"https:\/\/dragonkidsschool.com\/en\/product\/francais\/","og_site_name":"Dragon Kids School","og_image":[{"width":275,"height":183,"url":"https:\/\/dragonkidsschool.com\/wp-content\/uploads\/2021\/11\/images-1.jpg","type":"image\/jpeg"}],"twitter_card":"summary_large_image","twitter_misc":{"Est. reading time":"1 minute"},"schema":{"@context":"https:\/\/schema.org","@graph":[{"@type":"WebPage","@id":"https:\/\/dragonkidsschool.com\/en\/product\/francais\/","url":"https:\/\/dragonkidsschool.com\/en\/product\/francais\/","name":"Francais - Dragon Kids School","isPartOf":{"@id":"https:\/\/dragonkidsschool.com\/en\/#website"},"primaryImageOfPage":{"@id":"https:\/\/dragonkidsschool.com\/en\/product\/francais\/#primaryimage"},"image":{"@id":"https:\/\/dragonkidsschool.com\/en\/product\/francais\/#primaryimage"},"thumbnailUrl":"https:\/\/dragonkidsschool.com\/wp-content\/uploads\/2021\/11\/images-1.jpg","datePublished":"2023-01-17T17:55:53+00:00","breadcrumb":{"@id":"https:\/\/dragonkidsschool.com\/en\/product\/francais\/#breadcrumb"},"inLanguage":"en-US","potentialAction":[{"@type":"ReadAction","target":["https:\/\/dragonkidsschool.com\/en\/product\/francais\/"]}]},{"@type":"ImageObject","inLanguage":"en-US","@id":"https:\/\/dragonkidsschool.com\/en\/product\/francais\/#primaryimage","url":"https:\/\/dragonkidsschool.com\/wp-content\/uploads\/2021\/11\/images-1.jpg","contentUrl":"https:\/\/dragonkidsschool.com\/wp-content\/uploads\/2021\/11\/images-1.jpg","width":275,"height":183},{"@type":"BreadcrumbList","@id":"https:\/\/dragonkidsschool.com\/en\/product\/francais\/#breadcrumb","itemListElement":[{"@type":"ListItem","position":1,"name":"Home","item":"https:\/\/dragonkidsschool.com\/en\/"},{"@type":"ListItem","position":2,"name":"Our activities","item":"https:\/\/dragonkidsschool.com\/en\/shop\/"},{"@type":"ListItem","position":3,"name":"Francais"}]},{"@type":"WebSite","@id":"https:\/\/dragonkidsschool.com\/en\/#website","url":"https:\/\/dragonkidsschool.com\/en\/","name":"Dragon Kids School","description":"\u00c9ducatif Ludique International","publisher":{"@id":"https:\/\/dragonkidsschool.com\/en\/#organization"},"potentialAction":[{"@type":"SearchAction","target":{"@type":"EntryPoint","urlTemplate":"https:\/\/dragonkidsschool.com\/en\/?s={search_term_string}"},"query-input":{"@type":"PropertyValueSpecification","valueRequired":true,"valueName":"search_term_string"}}],"inLanguage":"en-US"},{"@type":"Organization","@id":"https:\/\/dragonkidsschool.com\/en\/#organization","name":"Dragon Kids School","url":"https:\/\/dragonkidsschool.com\/en\/","logo":{"@type":"ImageObject","inLanguage":"en-US","@id":"https:\/\/dragonkidsschool.com\/en\/#\/schema\/logo\/image\/","url":"https:\/\/dragonkidsschool.com\/wp-content\/uploads\/2021\/11\/cropped-Untitled-1.png","contentUrl":"https:\/\/dragonkidsschool.com\/wp-content\/uploads\/2021\/11\/cropped-Untitled-1.png","width":204,"height":43,"caption":"Dragon Kids School"},"image":{"@id":"https:\/\/dragonkidsschool.com\/en\/#\/schema\/logo\/image\/"}}]}},"jetpack_sharing_enabled":true,"_links":{"self":[{"href":"https:\/\/dragonkidsschool.com\/en\/wp-json\/wp\/v2\/product\/12474","targetHints":{"allow":["GET"]}}],"collection":[{"href":"https:\/\/dragonkidsschool.com\/en\/wp-json\/wp\/v2\/product"}],"about":[{"href":"https:\/\/dragonkidsschool.com\/en\/wp-json\/wp\/v2\/types\/product"}],"replies":[{"embeddable":true,"href":"https:\/\/dragonkidsschool.com\/en\/wp-json\/wp\/v2\/comments?post=12474"}],"wp:featuredmedia":[{"embeddable":true,"href":"https:\/\/dragonkidsschool.com\/en\/wp-json\/wp\/v2\/media\/11559"}],"wp:attachment":[{"href":"https:\/\/dragonkidsschool.com\/en\/wp-json\/wp\/v2\/media?parent=12474"}],"wp:term":[{"taxonomy":"product_brand","embeddable":true,"href":"https:\/\/dragonkidsschool.com\/en\/wp-json\/wp\/v2\/product_brand?post=12474"},{"taxonomy":"product_cat","embeddable":true,"href":"https:\/\/dragonkidsschool.com\/en\/wp-json\/wp\/v2\/product_cat?post=12474"},{"taxonomy":"product_tag","embeddable":true,"href":"https:\/\/dragonkidsschool.com\/en\/wp-json\/wp\/v2\/product_tag?post=12474"}],"curies":[{"name":"wp","href":"https:\/\/api.w.org\/{rel}","templated":true}]}}