{"id":12281,"date":"2021-11-16T20:51:56","date_gmt":"2021-11-16T20:51:56","guid":{"rendered":"https:\/\/dragonkidsschool.com\/product\/atelier-creatif\/"},"modified":"2024-01-14T16:47:09","modified_gmt":"2024-01-14T16:47:09","slug":"atelier-creatif","status":"publish","type":"product","link":"https:\/\/dragonkidsschool.com\/en\/product\/atelier-creatif\/","title":{"rendered":"Atelier cr\u00e9atif"},"content":{"rendered":"<p>Les ateliers cr\u00e9atifs du monde sont une fa\u00e7on amusante pour les enfants de d\u00e9couvrir diff\u00e9rentes cultures et traditions \u00e0 travers la cr\u00e9ation d&#8217;\u0153uvres d&#8217;art et d&#8217;artisanat.<\/p>\n<p>Les activit\u00e9s cr\u00e9atives sont id\u00e9ales pour le d\u00e9veloppement de l\u2019enfant\u00a0: le bricolage et l\u2019art offrent beaucoup de choses \u00e0 faire avec les\u00a0enfants\u00a0qui leur permettront de mettre en pratique des comp\u00e9tences importantes, telles que la coordination, la motricit\u00e9 fine et la compr\u00e9hension des formes et des couleurs.<\/p>\n<p>Pendant les ateliers, les\u00a0petits artistes\u00a0mettent les mains \u00e0 la p\u00e2te\u2026\u00e0 sel, dans des couleurs et des mati\u00e8res \u00e0 peindre, \u00e0 couper, \u00e0 coller, \u00e0 p\u00e9trir, \u00e0 cuire, \u00e0 modeler, \u00e0 m\u00e9langer\u2026<\/p>\n<p><strong><span class=\"JsGRdQ\">Aventure mondiale avec Petit Dragon<\/span><\/strong><\/p>\n<ul>\n<li>Cr\u00e9ation de masques africains : Les enfants peuvent cr\u00e9er des masques inspir\u00e9s des traditions africaines en utilisant des mat\u00e9riaux naturels tels que des feuilles, des branches, des graines, des perles et de la peinture.<\/li>\n<li>Peinture aborig\u00e8ne australienne : Les enfants peuvent utiliser des techniques de peinture aborig\u00e8ne pour cr\u00e9er des \u0153uvres d&#8217;art qui repr\u00e9sentent des animaux, des plantes et des paysages australiens. Les peintures aborig\u00e8nes sont caract\u00e9ris\u00e9es par leurs motifs pointillistes et leurs couleurs vives.<\/li>\n<li>Fabrication de kites chinois : Les enfants peuvent fabriquer des cerfs-volants traditionnels chinois en utilisant des mat\u00e9riaux l\u00e9gers tels que du papier de soie et des b\u00e2tons de bambou. Les cerfs-volants chinois sont souvent d\u00e9cor\u00e9s avec des motifs de dragons, d&#8217;oiseaux et de fleurs.<\/li>\n<li>Cr\u00e9ation de marionnettes japonaises : Les enfants peuvent cr\u00e9er des marionnettes traditionnelles japonaises, appel\u00e9es &#8220;kamishibai&#8221;, en utilisant du papier, des ciseaux et des b\u00e2tons. Les marionnettes kamishibai sont souvent utilis\u00e9es pour raconter des histoires.<\/li>\n<li>Fabrication de dreamcatchers am\u00e9rindiens : Les enfants peuvent fabriquer des dreamcatchers, des attrape-r\u00eaves am\u00e9rindiens traditionnels, en utilisant des cercles en bois, du fil, des plumes et des perles. Les dreamcatchers sont utilis\u00e9s pour prot\u00e9ger contre les cauchemars et favoriser les bons r\u00eaves.<\/li>\n<li>Fabrication de masques v\u00e9nitiens : Les enfants peuvent cr\u00e9er des masques v\u00e9nitiens traditionnels en utilisant du papier m\u00e2ch\u00e9, de la peinture et des paillettes. Les masques v\u00e9nitiens sont souvent utilis\u00e9s lors du carnaval de Venise.<\/li>\n<\/ul>\n<p>Des\u00a0ateliers\u00a0d\u2019activit\u00e9s manuelles\u00a0d\u00e8s 3 ans pour d\u00e9couvrir, imaginer, fa\u00e7onner et d\u00e9velopper sa cr\u00e9ativit\u00e9 en s\u2019amusant !<\/p>\n<p>&nbsp;<\/p>\n<p><iframe loading=\"lazy\" title=\"Atelier cr\u00e9atif 2021\" width=\"500\" height=\"375\" src=\"https:\/\/www.youtube.com\/embed\/RrMI98qwyWM?feature=oembed\" frameborder=\"0\" allow=\"accelerometer; autoplay; clipboard-write; encrypted-media; gyroscope; picture-in-picture; web-share\" referrerpolicy=\"strict-origin-when-cross-origin\" allowfullscreen><\/iframe><\/p>\n","protected":false},"excerpt":{"rendered":"<p>Les ateliers cr\u00e9atifs du monde sont une fa\u00e7on amusante pour les enfants de d\u00e9couvrir diff\u00e9rentes cultures et traditions \u00e0 travers la cr\u00e9ation d&#8217;\u0153uvres d&#8217;art et d&#8217;artisanat. Les activit\u00e9s cr\u00e9atives sont id\u00e9ales pour le d\u00e9veloppement de l\u2019enfant\u00a0: le bricolage et l\u2019art offrent beaucoup de choses \u00e0 faire avec les\u00a0enfants\u00a0qui leur permettront de mettre en pratique des&hellip;<\/p>\n","protected":false},"featured_media":11408,"comment_status":"open","ping_status":"closed","template":"","meta":{"_themeisle_gutenberg_block_has_review":false},"product_brand":[],"product_cat":[145],"product_tag":[],"class_list":{"0":"post-12281","1":"product","2":"type-product","3":"status-publish","4":"has-post-thumbnail","6":"product_cat-arts-en","8":"first","9":"instock","10":"taxable","11":"purchasable","12":"product-type-variable"},"yoast_head":"<!-- This site is optimized with the Yoast SEO plugin v27.3 - https:\/\/yoast.com\/product\/yoast-seo-wordpress\/ -->\n<title>Atelier cr\u00e9atif - Dragon Kids School<\/title>\n<meta name=\"robots\" content=\"index, follow, max-snippet:-1, max-image-preview:large, max-video-preview:-1\" \/>\n<link rel=\"canonical\" href=\"https:\/\/dragonkidsschool.com\/en\/product\/atelier-creatif\/\" \/>\n<meta property=\"og:locale\" content=\"en_US\" \/>\n<meta property=\"og:type\" content=\"article\" \/>\n<meta property=\"og:title\" content=\"Atelier cr\u00e9atif - Dragon Kids School\" \/>\n<meta property=\"og:description\" content=\"Les ateliers cr\u00e9atifs du monde sont une fa\u00e7on amusante pour les enfants de d\u00e9couvrir diff\u00e9rentes cultures et traditions \u00e0 travers la cr\u00e9ation d&#8217;\u0153uvres d&#8217;art et d&#8217;artisanat. Les activit\u00e9s cr\u00e9atives sont id\u00e9ales pour le d\u00e9veloppement de l\u2019enfant\u00a0: le bricolage et l\u2019art offrent beaucoup de choses \u00e0 faire avec les\u00a0enfants\u00a0qui leur permettront de mettre en pratique des&hellip;\" \/>\n<meta property=\"og:url\" content=\"https:\/\/dragonkidsschool.com\/en\/product\/atelier-creatif\/\" \/>\n<meta property=\"og:site_name\" content=\"Dragon Kids School\" \/>\n<meta property=\"article:modified_time\" content=\"2024-01-14T16:47:09+00:00\" \/>\n<meta property=\"og:image\" content=\"https:\/\/dragonkidsschool.com\/wp-content\/uploads\/2021\/11\/IMG_3025.jpg\" \/>\n\t<meta property=\"og:image:width\" content=\"1365\" \/>\n\t<meta property=\"og:image:height\" content=\"1024\" \/>\n\t<meta property=\"og:image:type\" content=\"image\/jpeg\" \/>\n<meta name=\"twitter:card\" content=\"summary_large_image\" \/>\n<meta name=\"twitter:label1\" content=\"Est. reading time\" \/>\n\t<meta name=\"twitter:data1\" content=\"2 minutes\" \/>\n<script type=\"application\/ld+json\" class=\"yoast-schema-graph\">{\"@context\":\"https:\\\/\\\/schema.org\",\"@graph\":[{\"@type\":\"WebPage\",\"@id\":\"https:\\\/\\\/dragonkidsschool.com\\\/en\\\/product\\\/atelier-creatif\\\/\",\"url\":\"https:\\\/\\\/dragonkidsschool.com\\\/en\\\/product\\\/atelier-creatif\\\/\",\"name\":\"Atelier cr\u00e9atif - Dragon Kids School\",\"isPartOf\":{\"@id\":\"https:\\\/\\\/dragonkidsschool.com\\\/en\\\/#website\"},\"primaryImageOfPage\":{\"@id\":\"https:\\\/\\\/dragonkidsschool.com\\\/en\\\/product\\\/atelier-creatif\\\/#primaryimage\"},\"image\":{\"@id\":\"https:\\\/\\\/dragonkidsschool.com\\\/en\\\/product\\\/atelier-creatif\\\/#primaryimage\"},\"thumbnailUrl\":\"https:\\\/\\\/dragonkidsschool.com\\\/wp-content\\\/uploads\\\/2021\\\/11\\\/IMG_3025.jpg\",\"datePublished\":\"2021-11-16T20:51:56+00:00\",\"dateModified\":\"2024-01-14T16:47:09+00:00\",\"breadcrumb\":{\"@id\":\"https:\\\/\\\/dragonkidsschool.com\\\/en\\\/product\\\/atelier-creatif\\\/#breadcrumb\"},\"inLanguage\":\"en-US\",\"potentialAction\":[{\"@type\":\"ReadAction\",\"target\":[\"https:\\\/\\\/dragonkidsschool.com\\\/en\\\/product\\\/atelier-creatif\\\/\"]}]},{\"@type\":\"ImageObject\",\"inLanguage\":\"en-US\",\"@id\":\"https:\\\/\\\/dragonkidsschool.com\\\/en\\\/product\\\/atelier-creatif\\\/#primaryimage\",\"url\":\"https:\\\/\\\/dragonkidsschool.com\\\/wp-content\\\/uploads\\\/2021\\\/11\\\/IMG_3025.jpg\",\"contentUrl\":\"https:\\\/\\\/dragonkidsschool.com\\\/wp-content\\\/uploads\\\/2021\\\/11\\\/IMG_3025.jpg\",\"width\":1365,\"height\":1024},{\"@type\":\"BreadcrumbList\",\"@id\":\"https:\\\/\\\/dragonkidsschool.com\\\/en\\\/product\\\/atelier-creatif\\\/#breadcrumb\",\"itemListElement\":[{\"@type\":\"ListItem\",\"position\":1,\"name\":\"Home\",\"item\":\"https:\\\/\\\/dragonkidsschool.com\\\/en\\\/\"},{\"@type\":\"ListItem\",\"position\":2,\"name\":\"Our activities\",\"item\":\"https:\\\/\\\/dragonkidsschool.com\\\/en\\\/shop\\\/\"},{\"@type\":\"ListItem\",\"position\":3,\"name\":\"Atelier cr\u00e9atif\"}]},{\"@type\":\"WebSite\",\"@id\":\"https:\\\/\\\/dragonkidsschool.com\\\/en\\\/#website\",\"url\":\"https:\\\/\\\/dragonkidsschool.com\\\/en\\\/\",\"name\":\"Dragon Kids School\",\"description\":\"\u00c9ducatif Ludique International\",\"publisher\":{\"@id\":\"https:\\\/\\\/dragonkidsschool.com\\\/en\\\/#organization\"},\"potentialAction\":[{\"@type\":\"SearchAction\",\"target\":{\"@type\":\"EntryPoint\",\"urlTemplate\":\"https:\\\/\\\/dragonkidsschool.com\\\/en\\\/?s={search_term_string}\"},\"query-input\":{\"@type\":\"PropertyValueSpecification\",\"valueRequired\":true,\"valueName\":\"search_term_string\"}}],\"inLanguage\":\"en-US\"},{\"@type\":\"Organization\",\"@id\":\"https:\\\/\\\/dragonkidsschool.com\\\/en\\\/#organization\",\"name\":\"Dragon Kids School\",\"url\":\"https:\\\/\\\/dragonkidsschool.com\\\/en\\\/\",\"logo\":{\"@type\":\"ImageObject\",\"inLanguage\":\"en-US\",\"@id\":\"https:\\\/\\\/dragonkidsschool.com\\\/en\\\/#\\\/schema\\\/logo\\\/image\\\/\",\"url\":\"https:\\\/\\\/dragonkidsschool.com\\\/wp-content\\\/uploads\\\/2021\\\/11\\\/cropped-Untitled-1.png\",\"contentUrl\":\"https:\\\/\\\/dragonkidsschool.com\\\/wp-content\\\/uploads\\\/2021\\\/11\\\/cropped-Untitled-1.png\",\"width\":204,\"height\":43,\"caption\":\"Dragon Kids School\"},\"image\":{\"@id\":\"https:\\\/\\\/dragonkidsschool.com\\\/en\\\/#\\\/schema\\\/logo\\\/image\\\/\"}}]}<\/script>\n<!-- \/ Yoast SEO plugin. -->","yoast_head_json":{"title":"Atelier cr\u00e9atif - Dragon Kids School","robots":{"index":"index","follow":"follow","max-snippet":"max-snippet:-1","max-image-preview":"max-image-preview:large","max-video-preview":"max-video-preview:-1"},"canonical":"https:\/\/dragonkidsschool.com\/en\/product\/atelier-creatif\/","og_locale":"en_US","og_type":"article","og_title":"Atelier cr\u00e9atif - Dragon Kids School","og_description":"Les ateliers cr\u00e9atifs du monde sont une fa\u00e7on amusante pour les enfants de d\u00e9couvrir diff\u00e9rentes cultures et traditions \u00e0 travers la cr\u00e9ation d&#8217;\u0153uvres d&#8217;art et d&#8217;artisanat. Les activit\u00e9s cr\u00e9atives sont id\u00e9ales pour le d\u00e9veloppement de l\u2019enfant\u00a0: le bricolage et l\u2019art offrent beaucoup de choses \u00e0 faire avec les\u00a0enfants\u00a0qui leur permettront de mettre en pratique des&hellip;","og_url":"https:\/\/dragonkidsschool.com\/en\/product\/atelier-creatif\/","og_site_name":"Dragon Kids School","article_modified_time":"2024-01-14T16:47:09+00:00","og_image":[{"width":1365,"height":1024,"url":"https:\/\/dragonkidsschool.com\/wp-content\/uploads\/2021\/11\/IMG_3025.jpg","type":"image\/jpeg"}],"twitter_card":"summary_large_image","twitter_misc":{"Est. reading time":"2 minutes"},"schema":{"@context":"https:\/\/schema.org","@graph":[{"@type":"WebPage","@id":"https:\/\/dragonkidsschool.com\/en\/product\/atelier-creatif\/","url":"https:\/\/dragonkidsschool.com\/en\/product\/atelier-creatif\/","name":"Atelier cr\u00e9atif - Dragon Kids School","isPartOf":{"@id":"https:\/\/dragonkidsschool.com\/en\/#website"},"primaryImageOfPage":{"@id":"https:\/\/dragonkidsschool.com\/en\/product\/atelier-creatif\/#primaryimage"},"image":{"@id":"https:\/\/dragonkidsschool.com\/en\/product\/atelier-creatif\/#primaryimage"},"thumbnailUrl":"https:\/\/dragonkidsschool.com\/wp-content\/uploads\/2021\/11\/IMG_3025.jpg","datePublished":"2021-11-16T20:51:56+00:00","dateModified":"2024-01-14T16:47:09+00:00","breadcrumb":{"@id":"https:\/\/dragonkidsschool.com\/en\/product\/atelier-creatif\/#breadcrumb"},"inLanguage":"en-US","potentialAction":[{"@type":"ReadAction","target":["https:\/\/dragonkidsschool.com\/en\/product\/atelier-creatif\/"]}]},{"@type":"ImageObject","inLanguage":"en-US","@id":"https:\/\/dragonkidsschool.com\/en\/product\/atelier-creatif\/#primaryimage","url":"https:\/\/dragonkidsschool.com\/wp-content\/uploads\/2021\/11\/IMG_3025.jpg","contentUrl":"https:\/\/dragonkidsschool.com\/wp-content\/uploads\/2021\/11\/IMG_3025.jpg","width":1365,"height":1024},{"@type":"BreadcrumbList","@id":"https:\/\/dragonkidsschool.com\/en\/product\/atelier-creatif\/#breadcrumb","itemListElement":[{"@type":"ListItem","position":1,"name":"Home","item":"https:\/\/dragonkidsschool.com\/en\/"},{"@type":"ListItem","position":2,"name":"Our activities","item":"https:\/\/dragonkidsschool.com\/en\/shop\/"},{"@type":"ListItem","position":3,"name":"Atelier cr\u00e9atif"}]},{"@type":"WebSite","@id":"https:\/\/dragonkidsschool.com\/en\/#website","url":"https:\/\/dragonkidsschool.com\/en\/","name":"Dragon Kids School","description":"\u00c9ducatif Ludique International","publisher":{"@id":"https:\/\/dragonkidsschool.com\/en\/#organization"},"potentialAction":[{"@type":"SearchAction","target":{"@type":"EntryPoint","urlTemplate":"https:\/\/dragonkidsschool.com\/en\/?s={search_term_string}"},"query-input":{"@type":"PropertyValueSpecification","valueRequired":true,"valueName":"search_term_string"}}],"inLanguage":"en-US"},{"@type":"Organization","@id":"https:\/\/dragonkidsschool.com\/en\/#organization","name":"Dragon Kids School","url":"https:\/\/dragonkidsschool.com\/en\/","logo":{"@type":"ImageObject","inLanguage":"en-US","@id":"https:\/\/dragonkidsschool.com\/en\/#\/schema\/logo\/image\/","url":"https:\/\/dragonkidsschool.com\/wp-content\/uploads\/2021\/11\/cropped-Untitled-1.png","contentUrl":"https:\/\/dragonkidsschool.com\/wp-content\/uploads\/2021\/11\/cropped-Untitled-1.png","width":204,"height":43,"caption":"Dragon Kids School"},"image":{"@id":"https:\/\/dragonkidsschool.com\/en\/#\/schema\/logo\/image\/"}}]}},"jetpack_sharing_enabled":true,"_links":{"self":[{"href":"https:\/\/dragonkidsschool.com\/en\/wp-json\/wp\/v2\/product\/12281","targetHints":{"allow":["GET"]}}],"collection":[{"href":"https:\/\/dragonkidsschool.com\/en\/wp-json\/wp\/v2\/product"}],"about":[{"href":"https:\/\/dragonkidsschool.com\/en\/wp-json\/wp\/v2\/types\/product"}],"replies":[{"embeddable":true,"href":"https:\/\/dragonkidsschool.com\/en\/wp-json\/wp\/v2\/comments?post=12281"}],"wp:featuredmedia":[{"embeddable":true,"href":"https:\/\/dragonkidsschool.com\/en\/wp-json\/wp\/v2\/media\/11408"}],"wp:attachment":[{"href":"https:\/\/dragonkidsschool.com\/en\/wp-json\/wp\/v2\/media?parent=12281"}],"wp:term":[{"taxonomy":"product_brand","embeddable":true,"href":"https:\/\/dragonkidsschool.com\/en\/wp-json\/wp\/v2\/product_brand?post=12281"},{"taxonomy":"product_cat","embeddable":true,"href":"https:\/\/dragonkidsschool.com\/en\/wp-json\/wp\/v2\/product_cat?post=12281"},{"taxonomy":"product_tag","embeddable":true,"href":"https:\/\/dragonkidsschool.com\/en\/wp-json\/wp\/v2\/product_tag?post=12281"}],"curies":[{"name":"wp","href":"https:\/\/api.w.org\/{rel}","templated":true}]}}