{"id":15946,"date":"2025-06-07T14:54:12","date_gmt":"2025-06-07T14:54:12","guid":{"rendered":"https:\/\/dragonkidsschool.com\/campus-ebihs-pre-challes\/"},"modified":"2026-03-29T18:37:15","modified_gmt":"2026-03-29T18:37:15","slug":"campus-ebihs-pre-challes","status":"publish","type":"page","link":"https:\/\/dragonkidsschool.com\/en\/campus-ebihs-pre-challes\/","title":{"rendered":"Campus EBIHS Pr\u00e9 Challes"},"content":{"rendered":"\n<div class=\"wp-block-group text-center has-global-padding is-content-justification-center is-layout-constrained wp-block-group-is-layout-constrained\"><div class=\"dks-cta-banner\">\n  <span class=\"dks-cta-banner-text\">Ready to discover our activities?<\/span>\n\n  <a href=\"\/en\/shop\/?pa_campus=ebihs-pre-challes\" class=\"dks-cta-btn\">\n    <span class=\"dks-cta-btn-text\">See the program<\/span>\n    <svg class=\"dks-cta-btn-icon\" xmlns=\"http:\/\/www.w3.org\/2000\/svg\" viewBox=\"0 0 24 24\" fill=\"none\" stroke=\"currentColor\" stroke-width=\"3\" stroke-linecap=\"round\" stroke-linejoin=\"round\">\n      <line x1=\"5\" y1=\"12\" x2=\"19\" y2=\"12\"><\/line>\n      <polyline points=\"12 5 19 12 12 19\"><\/polyline>\n    <\/svg>\n  <\/a>\n<\/div>\n\n<style>\n\/* Le bandeau d'accueil *\/\n.dks-cta-banner {\n  display: flex;\n  flex-direction: column;\n  align-items: center;\n  justify-content: center;\n  gap: 20px;\n  padding: 40px 20px;\n  background-color: #e5f8f7;\n  border-radius: 24px;\n  margin: 40px 0;\n}\n\n.dks-cta-banner-text {\n  font-family: inherit;\n  font-size: 1.2rem;\n  font-weight: 700;\n  color: #333333;\n}\n\n\/* Le bouton *\/\n.dks-cta-btn {\n  display: inline-flex;\n  align-items: center;\n  justify-content: center;\n  gap: 12px;\n  padding: 18px 45px;\n  font-family: inherit;\n  font-size: 1.25rem;\n  font-weight: 800;\n  text-transform: uppercase;\n  letter-spacing: 0.5px;\n  color: #ffffff !important;\n  text-decoration: none;\n  background: linear-gradient(135deg, #ffb24d 0%, #FF9B24 100%);\n  border-radius: 50px;\n  box-shadow: 0 10px 25px rgba(255, 155, 36, 0.35);\n  transition: all 0.3s cubic-bezier(0.25, 0.8, 0.25, 1);\n}\n\n\/* L'ic\u00f4ne *\/\n.dks-cta-btn-icon {\n  width: 24px;\n  height: 24px;\n  transition: transform 0.3s ease;\n}\n\n\/* Effets au survol *\/\n.dks-cta-btn:hover {\n  transform: translateY(-3px);\n  box-shadow: 0 15px 35px rgba(255, 155, 36, 0.5);\n  background: linear-gradient(135deg, #ffbd66 0%, #ffaa42 100%);\n}\n\n.dks-cta-btn:hover .dks-cta-btn-icon {\n  transform: translateX(5px);\n}\n\n\/* Effets au clic *\/\n.dks-cta-btn:active {\n  transform: translateY(1px);\n  box-shadow: 0 5px 15px rgba(255, 155, 36, 0.4);\n}\n\n\/* Responsive *\/\n@media (min-width: 768px) {\n  .dks-cta-banner {\n    flex-direction: row;\n    justify-content: space-around;\n    padding: 30px 40px;\n  }\n}\n<\/style>\n\n<\/div>\n\n\n\n<div class=\"wp-block-group has-global-padding is-layout-constrained wp-block-group-is-layout-constrained\">\n<h2 class=\"wp-block-heading bd-section-title\">A modern setting in the heart of nature<\/h2>\n\n\n\n<p class=\"mt-0\">\u00c9cole Bilingue de Haute-Savoie &#8211; Pr\u00e9 Challes enjoys a privileged location close to Annecy, in a green and peaceful environment. The school is easily accessible by car, with parking spaces available in the immediate vicinity. The tranquil setting makes it the perfect place to welcome children in the best possible conditions on Wednesdays.<\/p>\n\n\n\n<div class=\"wp-block-columns is-layout-flex wp-container-core-columns-is-layout-28f84493 wp-block-columns-is-layout-flex\">\n<div class=\"wp-block-column is-layout-flow wp-block-column-is-layout-flow\">\n<figure class=\"wp-block-image size-full has-custom-border\"><img loading=\"lazy\" decoding=\"async\" width=\"1706\" height=\"1279\" src=\"https:\/\/dragonkidsschool.com\/wp-content\/uploads\/2025\/06\/b10d53ad9d01aa58c5e4d56337ab62b4.jpeg\" alt=\"\" class=\"wp-image-15832\" style=\"border-radius:20px;aspect-ratio:4\/3;object-fit:cover\" srcset=\"https:\/\/dragonkidsschool.com\/wp-content\/uploads\/2025\/06\/b10d53ad9d01aa58c5e4d56337ab62b4.jpeg 1706w, https:\/\/dragonkidsschool.com\/wp-content\/uploads\/2025\/06\/b10d53ad9d01aa58c5e4d56337ab62b4-300x225.jpeg 300w, https:\/\/dragonkidsschool.com\/wp-content\/uploads\/2025\/06\/b10d53ad9d01aa58c5e4d56337ab62b4-1024x768.jpeg 1024w, https:\/\/dragonkidsschool.com\/wp-content\/uploads\/2025\/06\/b10d53ad9d01aa58c5e4d56337ab62b4-768x576.jpeg 768w, https:\/\/dragonkidsschool.com\/wp-content\/uploads\/2025\/06\/b10d53ad9d01aa58c5e4d56337ab62b4-1536x1152.jpeg 1536w, https:\/\/dragonkidsschool.com\/wp-content\/uploads\/2025\/06\/b10d53ad9d01aa58c5e4d56337ab62b4-600x450.jpeg 600w\" sizes=\"auto, (max-width: 1706px) 100vw, 1706px\" \/><\/figure>\n<\/div>\n\n\n\n<div class=\"wp-block-column is-layout-flow wp-block-column-is-layout-flow\">\n<figure class=\"wp-block-image size-large has-custom-border\"><img loading=\"lazy\" decoding=\"async\" width=\"1024\" height=\"768\" src=\"https:\/\/dragonkidsschool.com\/wp-content\/uploads\/2025\/06\/b995df8c60dc068ccfc1996efc00b1fe-1024x768.jpeg\" alt=\"\" class=\"wp-image-15834\" style=\"border-radius:20px;aspect-ratio:4\/3;object-fit:cover\" srcset=\"https:\/\/dragonkidsschool.com\/wp-content\/uploads\/2025\/06\/b995df8c60dc068ccfc1996efc00b1fe-1024x768.jpeg 1024w, https:\/\/dragonkidsschool.com\/wp-content\/uploads\/2025\/06\/b995df8c60dc068ccfc1996efc00b1fe-300x225.jpeg 300w, https:\/\/dragonkidsschool.com\/wp-content\/uploads\/2025\/06\/b995df8c60dc068ccfc1996efc00b1fe-768x576.jpeg 768w, https:\/\/dragonkidsschool.com\/wp-content\/uploads\/2025\/06\/b995df8c60dc068ccfc1996efc00b1fe-1536x1152.jpeg 1536w, https:\/\/dragonkidsschool.com\/wp-content\/uploads\/2025\/06\/b995df8c60dc068ccfc1996efc00b1fe-600x450.jpeg 600w, https:\/\/dragonkidsschool.com\/wp-content\/uploads\/2025\/06\/b995df8c60dc068ccfc1996efc00b1fe.jpeg 1702w\" sizes=\"auto, (max-width: 1024px) 100vw, 1024px\" \/><\/figure>\n<\/div>\n<\/div>\n<\/div>\n\n\n\n<div class=\"wp-block-group has-global-padding is-layout-constrained wp-block-group-is-layout-constrained\">\n<h2 class=\"wp-block-heading bd-section-title\">New and adapted infrastructures<\/h2>\n\n\n\n<p class=\"mt-0\">Activities take place in modern, bright and well-equipped classrooms. The furniture and teaching aids are designed for the children&#8217;s comfort and safety. Whether for language, science or creative workshops, every space is designed to encourage attention, experimentation and the pleasure of learning.<\/p>\n<\/div>\n\n\n\n<div class=\"wp-block-group has-global-padding is-layout-constrained wp-block-group-is-layout-constrained\">\n<h2 class=\"wp-block-heading bd-section-title\">A place for personal development<\/h2>\n\n\n\n<div class=\"wp-block-columns is-layout-flex wp-container-core-columns-is-layout-28f84493 wp-block-columns-is-layout-flex\">\n<div class=\"wp-block-column is-layout-flow wp-block-column-is-layout-flow\">\n<figure class=\"wp-block-image size-full has-custom-border\"><img loading=\"lazy\" decoding=\"async\" width=\"1706\" height=\"1279\" src=\"https:\/\/dragonkidsschool.com\/wp-content\/uploads\/2025\/06\/a335107b27f78b5bbbc814b5c57ec62c.jpeg\" alt=\"\" class=\"wp-image-15830\" style=\"border-radius:20px;aspect-ratio:4\/3;object-fit:cover\" srcset=\"https:\/\/dragonkidsschool.com\/wp-content\/uploads\/2025\/06\/a335107b27f78b5bbbc814b5c57ec62c.jpeg 1706w, https:\/\/dragonkidsschool.com\/wp-content\/uploads\/2025\/06\/a335107b27f78b5bbbc814b5c57ec62c-300x225.jpeg 300w, https:\/\/dragonkidsschool.com\/wp-content\/uploads\/2025\/06\/a335107b27f78b5bbbc814b5c57ec62c-1024x768.jpeg 1024w, https:\/\/dragonkidsschool.com\/wp-content\/uploads\/2025\/06\/a335107b27f78b5bbbc814b5c57ec62c-768x576.jpeg 768w, https:\/\/dragonkidsschool.com\/wp-content\/uploads\/2025\/06\/a335107b27f78b5bbbc814b5c57ec62c-1536x1152.jpeg 1536w, https:\/\/dragonkidsschool.com\/wp-content\/uploads\/2025\/06\/a335107b27f78b5bbbc814b5c57ec62c-600x450.jpeg 600w\" sizes=\"auto, (max-width: 1706px) 100vw, 1706px\" \/><\/figure>\n<\/div>\n\n\n\n<div class=\"wp-block-column is-layout-flow wp-block-column-is-layout-flow\">\n<figure class=\"wp-block-image size-large has-custom-border\"><img loading=\"lazy\" decoding=\"async\" width=\"1024\" height=\"768\" src=\"https:\/\/dragonkidsschool.com\/wp-content\/uploads\/2025\/06\/060244d8dce98310d421ad71c543d42e-1024x768.jpeg\" alt=\"\" class=\"wp-image-15828\" style=\"border-radius:20px;aspect-ratio:4\/3;object-fit:cover\" srcset=\"https:\/\/dragonkidsschool.com\/wp-content\/uploads\/2025\/06\/060244d8dce98310d421ad71c543d42e-1024x768.jpeg 1024w, https:\/\/dragonkidsschool.com\/wp-content\/uploads\/2025\/06\/060244d8dce98310d421ad71c543d42e-300x225.jpeg 300w, https:\/\/dragonkidsschool.com\/wp-content\/uploads\/2025\/06\/060244d8dce98310d421ad71c543d42e-768x576.jpeg 768w, https:\/\/dragonkidsschool.com\/wp-content\/uploads\/2025\/06\/060244d8dce98310d421ad71c543d42e-1536x1152.jpeg 1536w, https:\/\/dragonkidsschool.com\/wp-content\/uploads\/2025\/06\/060244d8dce98310d421ad71c543d42e-600x450.jpeg 600w, https:\/\/dragonkidsschool.com\/wp-content\/uploads\/2025\/06\/060244d8dce98310d421ad71c543d42e.jpeg 1706w\" sizes=\"auto, (max-width: 1024px) 100vw, 1024px\" \/><\/figure>\n<\/div>\n<\/div>\n\n\n\n<p>The school also has outdoor spaces where children can enjoy moments of relaxation or outdoor activities. The serene, caring atmosphere is ideal for discovering new disciplines outside the traditional school setting. It&#8217;s a place where children can explore, create and grow differently.<\/p>\n<\/div>\n\n\n\n<div class=\"wp-block-group ticss-5b8610b7 has-global-padding is-layout-constrained wp-block-group-is-layout-constrained\" style=\"border-radius:20px\">\n<figure class=\"wp-block-embed is-type-video is-provider-youtube wp-block-embed-youtube wp-embed-aspect-16-9 wp-has-aspect-ratio\"><div class=\"wp-block-embed__wrapper\">\n<iframe loading=\"lazy\" title=\"Ecole Bilingue de Haute Savoie - Pre\u0301 Challes\" width=\"500\" height=\"281\" src=\"https:\/\/www.youtube.com\/embed\/KBs2Um38Qls?feature=oembed\" frameborder=\"0\" allow=\"accelerometer; autoplay; clipboard-write; encrypted-media; gyroscope; picture-in-picture; web-share\" referrerpolicy=\"strict-origin-when-cross-origin\" allowfullscreen><\/iframe>\n<\/div><\/figure>\n<\/div>\n\n\n\n<div class=\"wp-block-group ticss-88a9b8a0 has-global-padding is-layout-constrained wp-container-core-group-is-layout-e94d6749 wp-block-group-is-layout-constrained\" style=\"padding-right:0;padding-left:0\">\n<h2 class=\"wp-block-heading bd-section-title\">Access<\/h2>\n\n\n\n<p><strong>Address :<\/strong><br>11 Av. du Pr\u00e9 de Challes, 74940 Annecy.<\/p>\n\n\n\n<p><strong>Opening hours :<\/strong><br>Every Wednesday between 8:30 a.m. and 5:30 p.m.<\/p>\n\n\n\n<div class=\"wp-block-group bd-contact-map has-global-padding is-layout-constrained wp-container-core-group-is-layout-7db9d80f wp-block-group-is-layout-constrained\" style=\"padding-right:0;padding-left:0\">\n<iframe src=\"https:\/\/www.google.com\/maps\/embed?pb=!1m18!1m12!1m3!1d5550.2635805695445!2d6.163945512818845!3d45.92866570220731!2m3!1f0!2f0!3f0!3m2!1i1024!2i768!4f13.1!3m3!1m2!1s0x478b8f00c0cc64e5%3A0xf55a6455712e2615!2sEcole%20Bilingue%20de%20Haute%20Savoie!5e0!3m2!1sfr!2sfr!4v1749308144314!5m2!1sfr!2sfr\" style=\"border:0;height:400px;\" allowfullscreen=\"\" loading=\"lazy\" referrerpolicy=\"no-referrer-when-downgrade\"><\/iframe>\n<\/div>\n<\/div>\n\n\n\n<div class=\"wp-block-group text-center has-global-padding is-content-justification-center is-layout-constrained wp-block-group-is-layout-constrained\"><div class=\"dks-cta-banner\">\n  <span class=\"dks-cta-banner-text\">Ready to discover our activities?<\/span>\n\n  <a href=\"\/en\/shop\/?pa_campus=ebihs-pre-challes\" class=\"dks-cta-btn\">\n    <span class=\"dks-cta-btn-text\">See the program<\/span>\n    <svg class=\"dks-cta-btn-icon\" xmlns=\"http:\/\/www.w3.org\/2000\/svg\" viewBox=\"0 0 24 24\" fill=\"none\" stroke=\"currentColor\" stroke-width=\"3\" stroke-linecap=\"round\" stroke-linejoin=\"round\">\n      <line x1=\"5\" y1=\"12\" x2=\"19\" y2=\"12\"><\/line>\n      <polyline points=\"12 5 19 12 12 19\"><\/polyline>\n    <\/svg>\n  <\/a>\n<\/div>\n\n<style>\n\/* Le bandeau d'accueil *\/\n.dks-cta-banner {\n  display: flex;\n  flex-direction: column;\n  align-items: center;\n  justify-content: center;\n  gap: 20px;\n  padding: 40px 20px;\n  background-color: #e5f8f7;\n  border-radius: 24px;\n  margin: 40px 0;\n}\n\n.dks-cta-banner-text {\n  font-family: inherit;\n  font-size: 1.2rem;\n  font-weight: 700;\n  color: #333333;\n}\n\n\/* Le bouton *\/\n.dks-cta-btn {\n  display: inline-flex;\n  align-items: center;\n  justify-content: center;\n  gap: 12px;\n  padding: 18px 45px;\n  font-family: inherit;\n  font-size: 1.25rem;\n  font-weight: 800;\n  text-transform: uppercase;\n  letter-spacing: 0.5px;\n  color: #ffffff !important;\n  text-decoration: none;\n  background: linear-gradient(135deg, #ffb24d 0%, #FF9B24 100%);\n  border-radius: 50px;\n  box-shadow: 0 10px 25px rgba(255, 155, 36, 0.35);\n  transition: all 0.3s cubic-bezier(0.25, 0.8, 0.25, 1);\n}\n\n\/* L'ic\u00f4ne *\/\n.dks-cta-btn-icon {\n  width: 24px;\n  height: 24px;\n  transition: transform 0.3s ease;\n}\n\n\/* Effets au survol *\/\n.dks-cta-btn:hover {\n  transform: translateY(-3px);\n  box-shadow: 0 15px 35px rgba(255, 155, 36, 0.5);\n  background: linear-gradient(135deg, #ffbd66 0%, #ffaa42 100%);\n}\n\n.dks-cta-btn:hover .dks-cta-btn-icon {\n  transform: translateX(5px);\n}\n\n\/* Effets au clic *\/\n.dks-cta-btn:active {\n  transform: translateY(1px);\n  box-shadow: 0 5px 15px rgba(255, 155, 36, 0.4);\n}\n\n\/* Responsive *\/\n@media (min-width: 768px) {\n  .dks-cta-banner {\n    flex-direction: row;\n    justify-content: space-around;\n    padding: 30px 40px;\n  }\n}\n<\/style>\n\n<\/div>\n","protected":false},"excerpt":{"rendered":"<p>A modern setting in the heart of nature \u00c9cole Bilingue de Haute-Savoie &#8211; Pr\u00e9 Challes enjoys a privileged location close to Annecy, in a green and peaceful environment. The school is easily accessible by car, with parking spaces available in the immediate vicinity. The tranquil setting makes it the perfect place to welcome children in&hellip;<\/p>\n","protected":false},"author":99,"featured_media":15813,"parent":0,"menu_order":0,"comment_status":"closed","ping_status":"closed","template":"","meta":{"_themeisle_gutenberg_block_has_review":false,"footnotes":""},"class_list":["post-15946","page","type-page","status-publish","has-post-thumbnail","hentry"],"yoast_head":"<!-- This site is optimized with the Yoast SEO plugin v27.3 - https:\/\/yoast.com\/product\/yoast-seo-wordpress\/ -->\n<title>Campus EBIHS Pr\u00e9 Challes - Dragon Kids School<\/title>\n<meta name=\"robots\" content=\"index, follow, max-snippet:-1, max-image-preview:large, max-video-preview:-1\" \/>\n<link rel=\"canonical\" href=\"https:\/\/dragonkidsschool.com\/en\/campus-ebihs-pre-challes\/\" \/>\n<meta property=\"og:locale\" content=\"en_US\" \/>\n<meta property=\"og:type\" content=\"article\" \/>\n<meta property=\"og:title\" content=\"Campus EBIHS Pr\u00e9 Challes - Dragon Kids School\" \/>\n<meta property=\"og:description\" content=\"A modern setting in the heart of nature \u00c9cole Bilingue de Haute-Savoie &#8211; Pr\u00e9 Challes enjoys a privileged location close to Annecy, in a green and peaceful environment. The school is easily accessible by car, with parking spaces available in the immediate vicinity. The tranquil setting makes it the perfect place to welcome children in&hellip;\" \/>\n<meta property=\"og:url\" content=\"https:\/\/dragonkidsschool.com\/en\/campus-ebihs-pre-challes\/\" \/>\n<meta property=\"og:site_name\" content=\"Dragon Kids School\" \/>\n<meta property=\"article:modified_time\" content=\"2026-03-29T18:37:15+00:00\" \/>\n<meta property=\"og:image\" content=\"https:\/\/dragonkidsschool.com\/wp-content\/uploads\/2025\/06\/IMG_2462-copy-scaled.jpeg\" \/>\n\t<meta property=\"og:image:width\" content=\"2560\" \/>\n\t<meta property=\"og:image:height\" content=\"1166\" \/>\n\t<meta property=\"og:image:type\" content=\"image\/jpeg\" \/>\n<meta name=\"twitter:card\" content=\"summary_large_image\" \/>\n<meta name=\"twitter:label1\" content=\"Est. reading time\" \/>\n\t<meta name=\"twitter:data1\" content=\"2 minutes\" \/>\n<script type=\"application\/ld+json\" class=\"yoast-schema-graph\">{\"@context\":\"https:\\\/\\\/schema.org\",\"@graph\":[{\"@type\":\"WebPage\",\"@id\":\"https:\\\/\\\/dragonkidsschool.com\\\/en\\\/campus-ebihs-pre-challes\\\/\",\"url\":\"https:\\\/\\\/dragonkidsschool.com\\\/en\\\/campus-ebihs-pre-challes\\\/\",\"name\":\"Campus EBIHS Pr\u00e9 Challes - Dragon Kids School\",\"isPartOf\":{\"@id\":\"https:\\\/\\\/dragonkidsschool.com\\\/en\\\/#website\"},\"primaryImageOfPage\":{\"@id\":\"https:\\\/\\\/dragonkidsschool.com\\\/en\\\/campus-ebihs-pre-challes\\\/#primaryimage\"},\"image\":{\"@id\":\"https:\\\/\\\/dragonkidsschool.com\\\/en\\\/campus-ebihs-pre-challes\\\/#primaryimage\"},\"thumbnailUrl\":\"https:\\\/\\\/dragonkidsschool.com\\\/wp-content\\\/uploads\\\/2025\\\/06\\\/IMG_2462-copy-scaled.jpeg\",\"datePublished\":\"2025-06-07T14:54:12+00:00\",\"dateModified\":\"2026-03-29T18:37:15+00:00\",\"breadcrumb\":{\"@id\":\"https:\\\/\\\/dragonkidsschool.com\\\/en\\\/campus-ebihs-pre-challes\\\/#breadcrumb\"},\"inLanguage\":\"en-US\",\"potentialAction\":[{\"@type\":\"ReadAction\",\"target\":[\"https:\\\/\\\/dragonkidsschool.com\\\/en\\\/campus-ebihs-pre-challes\\\/\"]}]},{\"@type\":\"ImageObject\",\"inLanguage\":\"en-US\",\"@id\":\"https:\\\/\\\/dragonkidsschool.com\\\/en\\\/campus-ebihs-pre-challes\\\/#primaryimage\",\"url\":\"https:\\\/\\\/dragonkidsschool.com\\\/wp-content\\\/uploads\\\/2025\\\/06\\\/IMG_2462-copy-scaled.jpeg\",\"contentUrl\":\"https:\\\/\\\/dragonkidsschool.com\\\/wp-content\\\/uploads\\\/2025\\\/06\\\/IMG_2462-copy-scaled.jpeg\",\"width\":2560,\"height\":1166},{\"@type\":\"BreadcrumbList\",\"@id\":\"https:\\\/\\\/dragonkidsschool.com\\\/en\\\/campus-ebihs-pre-challes\\\/#breadcrumb\",\"itemListElement\":[{\"@type\":\"ListItem\",\"position\":1,\"name\":\"Home\",\"item\":\"https:\\\/\\\/dragonkidsschool.com\\\/en\\\/\"},{\"@type\":\"ListItem\",\"position\":2,\"name\":\"Campus EBIHS Pr\u00e9 Challes\"}]},{\"@type\":\"WebSite\",\"@id\":\"https:\\\/\\\/dragonkidsschool.com\\\/en\\\/#website\",\"url\":\"https:\\\/\\\/dragonkidsschool.com\\\/en\\\/\",\"name\":\"Dragon Kids School\",\"description\":\"\u00c9ducatif Ludique International\",\"publisher\":{\"@id\":\"https:\\\/\\\/dragonkidsschool.com\\\/en\\\/#organization\"},\"potentialAction\":[{\"@type\":\"SearchAction\",\"target\":{\"@type\":\"EntryPoint\",\"urlTemplate\":\"https:\\\/\\\/dragonkidsschool.com\\\/en\\\/?s={search_term_string}\"},\"query-input\":{\"@type\":\"PropertyValueSpecification\",\"valueRequired\":true,\"valueName\":\"search_term_string\"}}],\"inLanguage\":\"en-US\"},{\"@type\":\"Organization\",\"@id\":\"https:\\\/\\\/dragonkidsschool.com\\\/en\\\/#organization\",\"name\":\"Dragon Kids School\",\"url\":\"https:\\\/\\\/dragonkidsschool.com\\\/en\\\/\",\"logo\":{\"@type\":\"ImageObject\",\"inLanguage\":\"en-US\",\"@id\":\"https:\\\/\\\/dragonkidsschool.com\\\/en\\\/#\\\/schema\\\/logo\\\/image\\\/\",\"url\":\"https:\\\/\\\/dragonkidsschool.com\\\/wp-content\\\/uploads\\\/2021\\\/11\\\/cropped-Untitled-1.png\",\"contentUrl\":\"https:\\\/\\\/dragonkidsschool.com\\\/wp-content\\\/uploads\\\/2021\\\/11\\\/cropped-Untitled-1.png\",\"width\":204,\"height\":43,\"caption\":\"Dragon Kids School\"},\"image\":{\"@id\":\"https:\\\/\\\/dragonkidsschool.com\\\/en\\\/#\\\/schema\\\/logo\\\/image\\\/\"}}]}<\/script>\n<!-- \/ Yoast SEO plugin. -->","yoast_head_json":{"title":"Campus EBIHS Pr\u00e9 Challes - Dragon Kids School","robots":{"index":"index","follow":"follow","max-snippet":"max-snippet:-1","max-image-preview":"max-image-preview:large","max-video-preview":"max-video-preview:-1"},"canonical":"https:\/\/dragonkidsschool.com\/en\/campus-ebihs-pre-challes\/","og_locale":"en_US","og_type":"article","og_title":"Campus EBIHS Pr\u00e9 Challes - Dragon Kids School","og_description":"A modern setting in the heart of nature \u00c9cole Bilingue de Haute-Savoie &#8211; Pr\u00e9 Challes enjoys a privileged location close to Annecy, in a green and peaceful environment. The school is easily accessible by car, with parking spaces available in the immediate vicinity. The tranquil setting makes it the perfect place to welcome children in&hellip;","og_url":"https:\/\/dragonkidsschool.com\/en\/campus-ebihs-pre-challes\/","og_site_name":"Dragon Kids School","article_modified_time":"2026-03-29T18:37:15+00:00","og_image":[{"width":2560,"height":1166,"url":"https:\/\/dragonkidsschool.com\/wp-content\/uploads\/2025\/06\/IMG_2462-copy-scaled.jpeg","type":"image\/jpeg"}],"twitter_card":"summary_large_image","twitter_misc":{"Est. reading time":"2 minutes"},"schema":{"@context":"https:\/\/schema.org","@graph":[{"@type":"WebPage","@id":"https:\/\/dragonkidsschool.com\/en\/campus-ebihs-pre-challes\/","url":"https:\/\/dragonkidsschool.com\/en\/campus-ebihs-pre-challes\/","name":"Campus EBIHS Pr\u00e9 Challes - Dragon Kids School","isPartOf":{"@id":"https:\/\/dragonkidsschool.com\/en\/#website"},"primaryImageOfPage":{"@id":"https:\/\/dragonkidsschool.com\/en\/campus-ebihs-pre-challes\/#primaryimage"},"image":{"@id":"https:\/\/dragonkidsschool.com\/en\/campus-ebihs-pre-challes\/#primaryimage"},"thumbnailUrl":"https:\/\/dragonkidsschool.com\/wp-content\/uploads\/2025\/06\/IMG_2462-copy-scaled.jpeg","datePublished":"2025-06-07T14:54:12+00:00","dateModified":"2026-03-29T18:37:15+00:00","breadcrumb":{"@id":"https:\/\/dragonkidsschool.com\/en\/campus-ebihs-pre-challes\/#breadcrumb"},"inLanguage":"en-US","potentialAction":[{"@type":"ReadAction","target":["https:\/\/dragonkidsschool.com\/en\/campus-ebihs-pre-challes\/"]}]},{"@type":"ImageObject","inLanguage":"en-US","@id":"https:\/\/dragonkidsschool.com\/en\/campus-ebihs-pre-challes\/#primaryimage","url":"https:\/\/dragonkidsschool.com\/wp-content\/uploads\/2025\/06\/IMG_2462-copy-scaled.jpeg","contentUrl":"https:\/\/dragonkidsschool.com\/wp-content\/uploads\/2025\/06\/IMG_2462-copy-scaled.jpeg","width":2560,"height":1166},{"@type":"BreadcrumbList","@id":"https:\/\/dragonkidsschool.com\/en\/campus-ebihs-pre-challes\/#breadcrumb","itemListElement":[{"@type":"ListItem","position":1,"name":"Home","item":"https:\/\/dragonkidsschool.com\/en\/"},{"@type":"ListItem","position":2,"name":"Campus EBIHS Pr\u00e9 Challes"}]},{"@type":"WebSite","@id":"https:\/\/dragonkidsschool.com\/en\/#website","url":"https:\/\/dragonkidsschool.com\/en\/","name":"Dragon Kids School","description":"\u00c9ducatif Ludique International","publisher":{"@id":"https:\/\/dragonkidsschool.com\/en\/#organization"},"potentialAction":[{"@type":"SearchAction","target":{"@type":"EntryPoint","urlTemplate":"https:\/\/dragonkidsschool.com\/en\/?s={search_term_string}"},"query-input":{"@type":"PropertyValueSpecification","valueRequired":true,"valueName":"search_term_string"}}],"inLanguage":"en-US"},{"@type":"Organization","@id":"https:\/\/dragonkidsschool.com\/en\/#organization","name":"Dragon Kids School","url":"https:\/\/dragonkidsschool.com\/en\/","logo":{"@type":"ImageObject","inLanguage":"en-US","@id":"https:\/\/dragonkidsschool.com\/en\/#\/schema\/logo\/image\/","url":"https:\/\/dragonkidsschool.com\/wp-content\/uploads\/2021\/11\/cropped-Untitled-1.png","contentUrl":"https:\/\/dragonkidsschool.com\/wp-content\/uploads\/2021\/11\/cropped-Untitled-1.png","width":204,"height":43,"caption":"Dragon Kids School"},"image":{"@id":"https:\/\/dragonkidsschool.com\/en\/#\/schema\/logo\/image\/"}}]}},"jetpack_sharing_enabled":true,"_links":{"self":[{"href":"https:\/\/dragonkidsschool.com\/en\/wp-json\/wp\/v2\/pages\/15946","targetHints":{"allow":["GET"]}}],"collection":[{"href":"https:\/\/dragonkidsschool.com\/en\/wp-json\/wp\/v2\/pages"}],"about":[{"href":"https:\/\/dragonkidsschool.com\/en\/wp-json\/wp\/v2\/types\/page"}],"author":[{"embeddable":true,"href":"https:\/\/dragonkidsschool.com\/en\/wp-json\/wp\/v2\/users\/99"}],"replies":[{"embeddable":true,"href":"https:\/\/dragonkidsschool.com\/en\/wp-json\/wp\/v2\/comments?post=15946"}],"version-history":[{"count":3,"href":"https:\/\/dragonkidsschool.com\/en\/wp-json\/wp\/v2\/pages\/15946\/revisions"}],"predecessor-version":[{"id":17037,"href":"https:\/\/dragonkidsschool.com\/en\/wp-json\/wp\/v2\/pages\/15946\/revisions\/17037"}],"wp:featuredmedia":[{"embeddable":true,"href":"https:\/\/dragonkidsschool.com\/en\/wp-json\/wp\/v2\/media\/15813"}],"wp:attachment":[{"href":"https:\/\/dragonkidsschool.com\/en\/wp-json\/wp\/v2\/media?parent=15946"}],"curies":[{"name":"wp","href":"https:\/\/api.w.org\/{rel}","templated":true}]}}